{"id":81,"date":"2013-11-09T11:14:12","date_gmt":"2013-11-09T11:14:12","guid":{"rendered":"http:\/\/www.evahnykova.com\/?page_id=81"},"modified":"2015-05-19T18:50:33","modified_gmt":"2015-05-19T17:50:33","slug":"english","status":"publish","type":"page","link":"https:\/\/www.evahnykova.com\/?page_id=81","title":{"rendered":"English"},"content":{"rendered":"<p><strong>Eva Hnykova<\/strong><br \/>\nwas born January 1th 1950 in Nova Paka.<br \/>\nShe started devoting fine arts since her youth, influenced by her uncle, a painter Fr. Tasler. Later she was a private student of the painter Fr. Skoda from Liban. Under his influence she gets her own individual style. Since 1991 she has been a professional painter.<\/p>\n<p>The charakteristic trait of her work is a gentle poetic and soft colourity. Her landsacape is full of temper and memories. Everything is completed by her own invention and experience. She is also inspired by the music and the literature. Except bulky paintings of landscape&#8217;s details she has also created cycles of paintings with figural themes. Lately her work courses to the spiritual sphere. In her paintings there appears elements connecting the nature and the human soul.<\/p>\n<p>She works in her own studio in Vrchlabi but she also likes visiting south Bohemia and Jeseniky.<\/p>\n<p>She became a Member of the Organisation of the Visual Arts in the Czech Republic.<\/p>\n<p>She has been introduced herself to the public with her author&#8216;<span style=\"font-size: 16px;\">s expositions in various places in the Czech Republic and abroad.<\/span><\/p>\n<p>Contact:<\/p>\n<p>Eva Hnykova<br \/>\nAtelier H<br \/>\nJosef\u00edny Kablikov\u00e9 1015<br \/>\nCZ-54301 Vrchlab\u00ed<\/p>\n<p>Czech Republic<\/p>\n<p>Mobil phone: 00420 737 011 111<\/p>\n<p>e-mail: <a title=\"e-mail to Eva Hnykova\" href=\"mailto:Eva.Hnyk@seznam.cz\">Eva.Hnyk@seznam.cz<\/a><\/p>\n","protected":false},"excerpt":{"rendered":"<p>Eva Hnykova was born January 1th 1950 in Nova Paka. She started devoting fine arts since her youth, influenced by her uncle, a painter Fr. Tasler. Later she was a private student of the painter Fr. Skoda from Liban. Under &hellip; <a href=\"https:\/\/www.evahnykova.com\/?page_id=81\">Cel\u00fd p\u0159\u00edsp\u011bvek <span class=\"meta-nav\">&rarr;<\/span><\/a><\/p>\n","protected":false},"author":1,"featured_media":0,"parent":0,"menu_order":0,"comment_status":"open","ping_status":"closed","template":"","meta":[],"_links":{"self":[{"href":"https:\/\/www.evahnykova.com\/index.php?rest_route=\/wp\/v2\/pages\/81"}],"collection":[{"href":"https:\/\/www.evahnykova.com\/index.php?rest_route=\/wp\/v2\/pages"}],"about":[{"href":"https:\/\/www.evahnykova.com\/index.php?rest_route=\/wp\/v2\/types\/page"}],"author":[{"embeddable":true,"href":"https:\/\/www.evahnykova.com\/index.php?rest_route=\/wp\/v2\/users\/1"}],"replies":[{"embeddable":true,"href":"https:\/\/www.evahnykova.com\/index.php?rest_route=%2Fwp%2Fv2%2Fcomments&post=81"}],"version-history":[{"count":13,"href":"https:\/\/www.evahnykova.com\/index.php?rest_route=\/wp\/v2\/pages\/81\/revisions"}],"predecessor-version":[{"id":233,"href":"https:\/\/www.evahnykova.com\/index.php?rest_route=\/wp\/v2\/pages\/81\/revisions\/233"}],"wp:attachment":[{"href":"https:\/\/www.evahnykova.com\/index.php?rest_route=%2Fwp%2Fv2%2Fmedia&parent=81"}],"curies":[{"name":"wp","href":"https:\/\/api.w.org\/{rel}","templated":true}]}}