{"id":8,"date":"2013-11-09T07:36:54","date_gmt":"2013-11-09T07:36:54","guid":{"rendered":"http:\/\/www.evahnykova.com\/?page_id=8"},"modified":"2015-05-19T18:52:26","modified_gmt":"2015-05-19T17:52:26","slug":"obrazy","status":"publish","type":"page","link":"https:\/\/www.evahnykova.com\/?page_id=8","title":{"rendered":"Obrazy"},"content":{"rendered":"<ul>\n<li><a title=\"Krajina obrazy\" href=\"http:\/\/www.evahnykova.com\/?page_id=14\">Krajina<\/a><\/li>\n<li><a title=\"Figur\u00e1ln\u00ed obzrazy\" href=\"http:\/\/www.evahnykova.com\/?page_id=16\">Figur\u00e1ln\u00ed<\/a><\/li>\n<li><a title=\"D\u016fchovn\u00ed obrazy\" href=\"http:\/\/www.evahnykova.com\/?page_id=20\">D\u016fchovn\u00ed<\/a><\/li>\n<\/ul>\n","protected":false},"excerpt":{"rendered":"<p>Krajina Figur\u00e1ln\u00ed D\u016fchovn\u00ed<\/p>\n","protected":false},"author":1,"featured_media":0,"parent":0,"menu_order":0,"comment_status":"open","ping_status":"open","template":"","meta":[],"_links":{"self":[{"href":"https:\/\/www.evahnykova.com\/index.php?rest_route=\/wp\/v2\/pages\/8"}],"collection":[{"href":"https:\/\/www.evahnykova.com\/index.php?rest_route=\/wp\/v2\/pages"}],"about":[{"href":"https:\/\/www.evahnykova.com\/index.php?rest_route=\/wp\/v2\/types\/page"}],"author":[{"embeddable":true,"href":"https:\/\/www.evahnykova.com\/index.php?rest_route=\/wp\/v2\/users\/1"}],"replies":[{"embeddable":true,"href":"https:\/\/www.evahnykova.com\/index.php?rest_route=%2Fwp%2Fv2%2Fcomments&post=8"}],"version-history":[{"count":7,"href":"https:\/\/www.evahnykova.com\/index.php?rest_route=\/wp\/v2\/pages\/8\/revisions"}],"predecessor-version":[{"id":236,"href":"https:\/\/www.evahnykova.com\/index.php?rest_route=\/wp\/v2\/pages\/8\/revisions\/236"}],"wp:attachment":[{"href":"https:\/\/www.evahnykova.com\/index.php?rest_route=%2Fwp%2Fv2%2Fmedia&parent=8"}],"curies":[{"name":"wp","href":"https:\/\/api.w.org\/{rel}","templated":true}]}}