{"id":78,"date":"2013-11-09T10:54:59","date_gmt":"2013-11-09T10:54:59","guid":{"rendered":"http:\/\/www.evahnykova.com\/?page_id=78"},"modified":"2013-11-20T15:50:38","modified_gmt":"2013-11-20T15:50:38","slug":"deutsch","status":"publish","type":"page","link":"https:\/\/www.evahnykova.com\/?page_id=78","title":{"rendered":"Deutsch"},"content":{"rendered":"<p><strong>Eva Hnykova<br \/>\n<\/strong>wurde am 1.1.1950 in Nova Paka geboren. Der bildenden Kunst widmete sie sich schon in der Jugendzeit unter dem Einfluss ihres Onkels, dem Maler Ferdinand Tasler. Sp\u00e4ter war sie eine Privatsch\u00fclerin des Malers Frantisek Skoda aus Liban, unter dessen Einfluss sie eine eigene individuelle Handschrift gewonnen hat. Seit dem Jahre 1991 widmet sie sich der Malerei professionell.<\/p>\n<p>Zarte Poetik und weiches Kolorit sind f\u00fcr ihre Sch\u00f6pfungen charakteristisch. Ihre Landschaften sind voll von Stimmungen und Erinnerungen, alles pr\u00e4gt sie mit eigener Invention und Erfahrung. Sie l\u00e4sst sich auch von der Musik und Literatur beeinflussen. Ausser grossen Landschaftsgem\u00e4lden bildet sie auch Bilder-Zyklen mit der figuralen Thematik. In der letzten Zeit richtet sich Ihre Sch\u00f6pfung auf den geistlichen Bereich. In den Bildern erscheinen Elemente, die Natur und Seele des Menschen verbinden. Sie arbeitet in ihrem Atelier in Vrchlabi, aber f\u00e4hrt auch gern nach S\u00fcdb\u00f6hmen und Jesenik.<\/p>\n<p>Eva Hnykova wurde auch Mitglied des Vereins der bildenden K\u00fcnstler der Tschechischen Republik. Sie\u00a0<span style=\"font-size: 16px;\">hat sie sich mit Autorenaustellungen in verschiedenen Orten in B\u00f6hmen und auch im Ausland vorgestellt.<\/span><\/p>\n<p>Kontakt:<\/p>\n<p>Eva Hnykova<br \/>\nAtelier H<br \/>\nJosef\u00edny Kablikov\u00e9 1015<br \/>\nCZ-54301 Vrchlab\u00ed<\/p>\n<p>Tschechische Republik<\/p>\n<p>Handy: 00420 737 011 111<\/p>\n<p>E-Mail : <a title=\"E-Mail Eva Hnykove\" href=\"mailto:Eva.Hnyk@seznam.cz\">Eva.Hnyk@seznam.cz<\/a><\/p>\n","protected":false},"excerpt":{"rendered":"<p>Eva Hnykova wurde am 1.1.1950 in Nova Paka geboren. Der bildenden Kunst widmete sie sich schon in der Jugendzeit unter dem Einfluss ihres Onkels, dem Maler Ferdinand Tasler. Sp\u00e4ter war sie eine Privatsch\u00fclerin des Malers Frantisek Skoda aus Liban, unter &hellip; <a href=\"https:\/\/www.evahnykova.com\/?page_id=78\">Cel\u00fd p\u0159\u00edsp\u011bvek <span class=\"meta-nav\">&rarr;<\/span><\/a><\/p>\n","protected":false},"author":1,"featured_media":0,"parent":0,"menu_order":0,"comment_status":"open","ping_status":"closed","template":"","meta":[],"_links":{"self":[{"href":"https:\/\/www.evahnykova.com\/index.php?rest_route=\/wp\/v2\/pages\/78"}],"collection":[{"href":"https:\/\/www.evahnykova.com\/index.php?rest_route=\/wp\/v2\/pages"}],"about":[{"href":"https:\/\/www.evahnykova.com\/index.php?rest_route=\/wp\/v2\/types\/page"}],"author":[{"embeddable":true,"href":"https:\/\/www.evahnykova.com\/index.php?rest_route=\/wp\/v2\/users\/1"}],"replies":[{"embeddable":true,"href":"https:\/\/www.evahnykova.com\/index.php?rest_route=%2Fwp%2Fv2%2Fcomments&post=78"}],"version-history":[{"count":12,"href":"https:\/\/www.evahnykova.com\/index.php?rest_route=\/wp\/v2\/pages\/78\/revisions"}],"predecessor-version":[{"id":148,"href":"https:\/\/www.evahnykova.com\/index.php?rest_route=\/wp\/v2\/pages\/78\/revisions\/148"}],"wp:attachment":[{"href":"https:\/\/www.evahnykova.com\/index.php?rest_route=%2Fwp%2Fv2%2Fmedia&parent=78"}],"curies":[{"name":"wp","href":"https:\/\/api.w.org\/{rel}","templated":true}]}}