{"id":6,"date":"2013-11-09T07:36:07","date_gmt":"2013-11-09T07:36:07","guid":{"rendered":"http:\/\/www.evahnykova.com\/?page_id=6"},"modified":"2013-12-06T12:47:54","modified_gmt":"2013-12-06T12:47:54","slug":"vystavy","status":"publish","type":"page","link":"https:\/\/www.evahnykova.com\/?page_id=6","title":{"rendered":"V\u00fdstavy"},"content":{"rendered":"<p lang=\"cs-CZ\"><span style=\"color: #000000;\">1986<br \/>\n\u00dapice &#8211; Kulturn\u00ed st\u0159edisko \u00dapice<br \/>\n<\/span><span style=\"color: #000000;\">Vrchlab\u00ed &#8211; z\u00e1mek<\/span><\/p>\n<p lang=\"cs-CZ\"><span style=\"color: #000000;\">1988<br \/>\nSob\u010dice &#8211; z\u00e1mek<\/span><\/p>\n<p lang=\"cs-CZ\"><span style=\"color: #000000;\">1990<br \/>\n\u0160pindler\u016fv Ml\u00fdn &#8211; v\u00fdstavn\u00ed s\u00ed\u0148<\/span><\/p>\n<p lang=\"cs-CZ\"><span style=\"color: #000000;\">1991<br \/>\nStar\u00e9 Hrady &#8211; z\u00e1mek<br \/>\n<\/span><span style=\"color: #000000;\">Byst\u0159ice pod Per\u0161t\u00fdnem &#8211; M\u011bstsk\u00e9 muzeum<br \/>\nJi\u010d\u00edn &#8211; Kino Sv\u011bt<\/span><\/p>\n<p lang=\"cs-CZ\"><span style=\"color: #000000;\">1992<br \/>\nL\u00e1zn\u011b B\u011blohrad &#8211; Muzeum K.V. Raise<\/span><\/p>\n<p lang=\"cs-CZ\"><span style=\"color: #000000;\">1993<br \/>\nMlad\u00e1 Boleslav &#8211; M\u011bstsk\u00e9 divadlo<br \/>\n<\/span><span style=\"color: #000000;\">Mailberg (Rakousko) &#8211; z\u00e1mek<br \/>\nHollabrunn (Rakousko) &#8211; v\u00fdstavn\u00ed s\u00ed\u0148<br \/>\nHradec Kr\u00e1lov\u00e9 &#8211; Galerie Barbara<\/span><\/p>\n<p lang=\"cs-CZ\"><span style=\"color: #000000;\">1994<br \/>\nStar\u00e9 Hrady &#8211; z\u00e1mek<br \/>\nPulsnitz (N\u011bmecko) &#8211; Stadtmuseum Pulsnitz<br \/>\n\u0160umperk &#8211; Galerie Ave Art<br \/>\nMlad\u00e1 Boleslav &#8211; Galerie Sv\u011bt<\/span><\/p>\n<p><span style=\"color: #000000;\">1995<br \/>\nKremsm\u00fcnster (Rakousko) &#8211; v\u00fdstavn\u00ed s\u00ed\u0148<br \/>\nA\u0161 &#8211; A\u0161sk\u00e9 kulturn\u00ed st\u0159edisko<br \/>\nNov\u00e1 Paka &#8211; Suchard\u016fv d\u016fm<\/span><\/p>\n<p lang=\"cs-CZ\"><span style=\"color: #000000;\">1996<br \/>\nLiberec &#8211; Galerie F\u00e9nix<\/span><\/p>\n<p lang=\"cs-CZ\"><span style=\"color: #000000;\">1997<br \/>\nRo\u017e\u010falovice &#8211; Galerie Melantrich<br \/>\nKada\u0148 &#8211; Galerie Pod v\u011b\u017e\u00ed<br \/>\nA\u0161 &#8211; A\u0161sk\u00e9 kulturn\u00ed st\u0159edisko<br \/>\nHradec Kr\u00e1lov\u00e9 &#8211; Galerie Barbara<br \/>\n\u0160umperk &#8211; Galerie Ave Art<\/span><\/p>\n<p lang=\"cs-CZ\"><span style=\"color: #000000;\">1998<br \/>\nNymburk &#8211; Galerie Papyrus<br \/>\nTrutnov &#8211; M\u011bstsk\u00e1 Galerie<br \/>\nPraha &#8211; Galerie Domino<br \/>\n\u010c\u00e1slav &#8211; M\u011bstsk\u00e9 muzeum<br \/>\nMlad\u00e1 Boleslav &#8211; Galerie Sv\u011bt<\/span><\/p>\n<p lang=\"cs-CZ\"><span style=\"color: #000000;\">1999<br \/>\nVrchlab\u00ed &#8211; Ambit kl\u00e1\u0161tera<br \/>\nSemily &#8211; Galerie S32<br \/>\nLib\u00e1\u0148 &#8211; v\u00fdstavn\u00ed s\u00ed\u0148<br \/>\nL\u00e1zn\u011b B\u011blohrad &#8211; Muzeum K.V. Raise<br \/>\nPlan\u00e1 nad Lu\u017enic\u00ed &#8211; v\u00fdstavn\u00ed s\u00ed\u0148<br \/>\nHo\u0159ice &#8211; M\u011bstsk\u00e9 muzuem a galerie<br \/>\nOlomouc &#8211; Galerie Boh\u00e9ma<\/span><\/p>\n<p lang=\"cs-CZ\"><span style=\"color: #000000;\">2000<br \/>\nKol\u00edn &#8211; Region\u00e1ln\u00ed muzeum<br \/>\nKada\u0148 &#8211; Galerie Pod v\u011b\u017e\u00ed<br \/>\nPraha &#8211; Galerie Ledebursk\u00e9 zahrady<\/span><\/p>\n<p lang=\"cs-CZ\"><span style=\"color: #000000;\">2001<br \/>\nPraha &#8211; Galerie Rotunda na Vy\u0161ehrad\u011b<br \/>\nPelh\u0159imov &#8211; Galerie &#8222;M&#8220;<br \/>\nT\u0159ebo\u0148 &#8211; Galerie Pod v\u011b\u017e\u00ed<br \/>\nJi\u010d\u00edn &#8211; Okresn\u00ed muzeum a galerie<br \/>\nA\u0161 &#8211; A\u0161sk\u00e9 kulturn\u00ed st\u0159edisko<\/span><\/p>\n<p lang=\"cs-CZ\"><span style=\"color: #000000;\">2002<br \/>\n\u00dast\u00ed nad Orlic\u00ed Galerie Kor\u00e1b<br \/>\n\u010castolovice &#8211; galerie na z\u00e1mku<br \/>\nPraha &#8211; Muzeum policie<\/span><\/p>\n<p lang=\"cs-CZ\"><span style=\"color: #000000;\">2003<br \/>\nSvitavy &#8211; Muzeum a galerie<br \/>\nMlad\u00e1 Boleslav &#8211; Galerie Sv\u011bt<br \/>\nKladno &#8211; Galerie Radost<br \/>\nJablonec nad Nisou &#8211; M\u011bstsk\u00e9 divadlo<br \/>\nT\u00e1bor &#8211; Divadlo Oskara Nedbala<br \/>\nTrutnov &#8211; Galerie Lada<\/span><\/p>\n<p lang=\"cs-CZ\"><span style=\"color: #000000;\">2004<br \/>\nPraha &#8211; divadlo U Hasi\u010d\u016f<br \/>\nNymburk &#8211; Vlastiv\u011bdn\u00e9 muzeum<br \/>\nKuks &#8211; Galerie F.A. Sporcka<br \/>\nNov\u00e1 Pak<span style=\"color: #000000;\">a <\/span><\/span><span style=\"color: #000000;\">&#8211; Suchard\u016fv d\u016fm<br \/>\nStar\u00e9 Hrady &#8211; z\u00e1mek<\/span><\/p>\n<p lang=\"cs-CZ\"><span style=\"color: #000000;\">2005<br \/>\nPraha &#8211; Chodovsk\u00e1 tvrz &#8211; v\u00fdstavn\u00ed s\u00ed\u0148<br \/>\nHradec\u00a0Kr\u00e1lov\u00e9 &#8211; Biskupsk\u00e1 rezidence &#8211; v\u00fdstavn\u00ed s\u00ed\u0148<br \/>\nPlana nad Lu\u017enic\u00ed &#8211; galerie u Rudolfa<\/span><\/p>\n<p lang=\"cs-CZ\"><span style=\"color: #000000;\">2006<br \/>\nFranti\u0161kovy L\u00e1zn\u011b &#8211; v\u00fdstavn\u00ed s\u00ed\u0148<\/span><\/p>\n<p lang=\"cs-CZ\"><span style=\"color: #000000;\">2007<br \/>\nPardubice &#8211; Galerie Gong<\/span><\/p>\n<p lang=\"cs-CZ\"><span style=\"color: #000000;\">2009<br \/>\nVok\u0161ice &#8211; galerie JB-Spektrum<\/span><\/p>\n<p lang=\"cs-CZ\"><span style=\"color: #000000;\">2010<br \/>\nPraha &#8211; divadlo U Hasi\u010d\u016f<\/span><\/p>\n<p lang=\"cs-CZ\"><span style=\"color: #000000;\">2012<br \/>\nNov\u00e1 Paka\u00a0 &#8211; D\u016fm senior\u016f<\/span><\/p>\n<p lang=\"cs-CZ\"><span style=\"color: #000000;\">2013<br \/>\n<\/span>Nov\u00e1 Paka\u00a0 &#8211; M\u011bstsk\u00e1 knihovna<br \/>\nNov\u00e1 Paka &#8211; M\u011bstsk\u00e9 kulturn\u00ed st\u0159edisko<br \/>\nPraha\u00a0&#8211; divadlo U Hasi\u010d\u016f<\/p>\n<div><span style=\"color: #000000;\"> <\/span><\/div>\n<p><span style=\"color: #000000;\"> <\/span><\/p>\n<p lang=\"cs-CZ\"><span style=\"color: #000000;\"> <\/span><\/p>\n","protected":false},"excerpt":{"rendered":"<p>1986 \u00dapice &#8211; Kulturn\u00ed st\u0159edisko \u00dapice Vrchlab\u00ed &#8211; z\u00e1mek 1988 Sob\u010dice &#8211; z\u00e1mek 1990 \u0160pindler\u016fv Ml\u00fdn &#8211; v\u00fdstavn\u00ed s\u00ed\u0148 1991 Star\u00e9 Hrady &#8211; z\u00e1mek Byst\u0159ice pod Per\u0161t\u00fdnem &#8211; M\u011bstsk\u00e9 muzeum Ji\u010d\u00edn &#8211; Kino Sv\u011bt 1992 L\u00e1zn\u011b B\u011blohrad &#8211; Muzeum K.V. &hellip; <a href=\"https:\/\/www.evahnykova.com\/?page_id=6\">Cel\u00fd p\u0159\u00edsp\u011bvek <span class=\"meta-nav\">&rarr;<\/span><\/a><\/p>\n","protected":false},"author":1,"featured_media":0,"parent":0,"menu_order":0,"comment_status":"open","ping_status":"open","template":"","meta":[],"_links":{"self":[{"href":"https:\/\/www.evahnykova.com\/index.php?rest_route=\/wp\/v2\/pages\/6"}],"collection":[{"href":"https:\/\/www.evahnykova.com\/index.php?rest_route=\/wp\/v2\/pages"}],"about":[{"href":"https:\/\/www.evahnykova.com\/index.php?rest_route=\/wp\/v2\/types\/page"}],"author":[{"embeddable":true,"href":"https:\/\/www.evahnykova.com\/index.php?rest_route=\/wp\/v2\/users\/1"}],"replies":[{"embeddable":true,"href":"https:\/\/www.evahnykova.com\/index.php?rest_route=%2Fwp%2Fv2%2Fcomments&post=6"}],"version-history":[{"count":14,"href":"https:\/\/www.evahnykova.com\/index.php?rest_route=\/wp\/v2\/pages\/6\/revisions"}],"predecessor-version":[{"id":12,"href":"https:\/\/www.evahnykova.com\/index.php?rest_route=\/wp\/v2\/pages\/6\/revisions\/12"}],"wp:attachment":[{"href":"https:\/\/www.evahnykova.com\/index.php?rest_route=%2Fwp%2Fv2%2Fmedia&parent=6"}],"curies":[{"name":"wp","href":"https:\/\/api.w.org\/{rel}","templated":true}]}}