{"id":2,"date":"2013-11-09T07:29:21","date_gmt":"2013-11-09T07:29:21","guid":{"rendered":"http:\/\/www.evahnykova.com\/?page_id=2"},"modified":"2013-12-05T17:40:24","modified_gmt":"2013-12-05T17:40:24","slug":"neco-o-me","status":"publish","type":"page","link":"https:\/\/www.evahnykova.com\/?page_id=2","title":{"rendered":"Biografie"},"content":{"rendered":"<p lang=\"cs-CZ\"><strong>Eva Hnykov\u00e1<\/strong><\/p>\n<p lang=\"cs-CZ\">Narozena dne 1. ledna 1950 v Nov\u00e9 Pace.<\/p>\n<p lang=\"cs-CZ\">V\u00fdtvarn\u00e9 \u010dinnosti se za\u010dala v\u011bnovat u\u017e v ml\u00e1d\u00ed, pod vlivem sv\u00e9ho str\u00fdce mal\u00ed\u0159e Ferdinanda Taslera. Pozd\u011bji byla soukromou \u017ea\u010dkou mal\u00ed\u0159e Franti\u0161ka \u0160kody z Lib\u00e1n\u011b, pod jeho\u017e vlivem z\u00edskala vlastn\u00ed osobit\u00fd rukopis. Prvn\u00ed vystoupen\u00ed: rok 1986, n\u00e1sleduje \u0159ada v\u00fdstav. Od roku 1991 se v\u011bnuje malb\u011b profesion\u00e1ln\u011b.<\/p>\n<p lang=\"cs-CZ\">Charakteristick\u00fdm rysem jej\u00ed tvorby je jemn\u00e1 poetika a m\u011bkk\u00e1 barevnost. Jej\u00ed krajina je pln\u00e1 n\u00e1lady a vzpom\u00ednek, v\u0161e dotv\u00e1\u0159\u00ed vlastn\u00ed invenc\u00ed a zku\u0161enostmi. Je inspirov\u00e1na tak\u00e9 hudbou (Smetana, Jan\u00e1\u010dek) a literaturou &#8211; hlavn\u011b poezi\u00ed (Seifert, Jesenin). Vedle rozm\u011brn\u00fdch detail\u016f krajiny, tvo\u0159\u00ed tak\u00e9 cykly obraz\u016f s figur\u00e1ln\u00ed t\u00e9matikou. V posledn\u00ed dob\u011b jej\u00ed tvorba sm\u011b\u0159uje do duchovn\u00ed oblasti. V obrazech se objevuj\u00ed prvky propojuj\u00edc\u00ed p\u0159\u00edrodu a du\u0161i \u010dlov\u011bka. Tvo\u0159\u00ed ve sv\u00e9m ateli\u00e9ru ve Vrchlab\u00ed, ale r\u00e1da zaj\u00ed\u017ed\u00ed tak\u00e9 do ji\u017en\u00edch \u010cech a do Jesen\u00edk\u016f.<\/p>\n<p lang=\"cs-CZ\">Stala se \u010dlenkou Sdru\u017een\u00ed v\u00fdtvarn\u00edk\u016f \u010cesk\u00e9 republiky.<\/p>\n<p lang=\"cs-CZ\">Jej\u00ed d\u00edla jsou zastoupena v soukrom\u00fdch sb\u00edrk\u00e1ch v \u0159ad\u011b st\u00e1t\u016f i mimo Evropu.<\/p>\n","protected":false},"excerpt":{"rendered":"<p>Eva Hnykov\u00e1 Narozena dne 1. ledna 1950 v Nov\u00e9 Pace. V\u00fdtvarn\u00e9 \u010dinnosti se za\u010dala v\u011bnovat u\u017e v ml\u00e1d\u00ed, pod vlivem sv\u00e9ho str\u00fdce mal\u00ed\u0159e Ferdinanda Taslera. Pozd\u011bji byla soukromou \u017ea\u010dkou mal\u00ed\u0159e Franti\u0161ka \u0160kody z Lib\u00e1n\u011b, pod jeho\u017e vlivem z\u00edskala vlastn\u00ed osobit\u00fd &hellip; <a href=\"https:\/\/www.evahnykova.com\/?page_id=2\">Cel\u00fd p\u0159\u00edsp\u011bvek <span class=\"meta-nav\">&rarr;<\/span><\/a><\/p>\n","protected":false},"author":1,"featured_media":0,"parent":0,"menu_order":0,"comment_status":"open","ping_status":"open","template":"","meta":[],"_links":{"self":[{"href":"https:\/\/www.evahnykova.com\/index.php?rest_route=\/wp\/v2\/pages\/2"}],"collection":[{"href":"https:\/\/www.evahnykova.com\/index.php?rest_route=\/wp\/v2\/pages"}],"about":[{"href":"https:\/\/www.evahnykova.com\/index.php?rest_route=\/wp\/v2\/types\/page"}],"author":[{"embeddable":true,"href":"https:\/\/www.evahnykova.com\/index.php?rest_route=\/wp\/v2\/users\/1"}],"replies":[{"embeddable":true,"href":"https:\/\/www.evahnykova.com\/index.php?rest_route=%2Fwp%2Fv2%2Fcomments&post=2"}],"version-history":[{"count":4,"href":"https:\/\/www.evahnykova.com\/index.php?rest_route=\/wp\/v2\/pages\/2\/revisions"}],"predecessor-version":[{"id":4,"href":"https:\/\/www.evahnykova.com\/index.php?rest_route=\/wp\/v2\/pages\/2\/revisions\/4"}],"wp:attachment":[{"href":"https:\/\/www.evahnykova.com\/index.php?rest_route=%2Fwp%2Fv2%2Fmedia&parent=2"}],"curies":[{"name":"wp","href":"https:\/\/api.w.org\/{rel}","templated":true}]}}