{"id":174,"date":"2014-07-06T21:18:54","date_gmt":"2014-07-06T20:18:54","guid":{"rendered":"http:\/\/www.evahnykova.com\/?page_id=174"},"modified":"2014-07-06T21:19:52","modified_gmt":"2014-07-06T20:19:52","slug":"citaty","status":"publish","type":"page","link":"https:\/\/www.evahnykova.com\/?page_id=174","title":{"rendered":"Cit\u00e1ty"},"content":{"rendered":"<p>N\u011bkter\u00e9 cit\u00e1ty<\/p>\n<div id='gallery-1' class='gallery galleryid-174 gallery-columns-3 gallery-size-thumbnail'><dl class='gallery-item'>\n\t\t\t<dt class='gallery-icon landscape'>\n\t\t\t\t<a href='https:\/\/www.evahnykova.com\/?attachment_id=185'><img width=\"150\" height=\"150\" src=\"https:\/\/www.evahnykova.com\/wp-content\/uploads\/2014\/07\/cizi_kraji-150x150.jpg\" class=\"attachment-thumbnail size-thumbnail\" alt=\"\" loading=\"lazy\" \/><\/a>\n\t\t\t<\/dt><\/dl><dl class='gallery-item'>\n\t\t\t<dt class='gallery-icon portrait'>\n\t\t\t\t<a href='https:\/\/www.evahnykova.com\/?attachment_id=186'><img width=\"150\" height=\"150\" src=\"https:\/\/www.evahnykova.com\/wp-content\/uploads\/2014\/07\/Eva_inverview-150x150.jpg\" class=\"attachment-thumbnail size-thumbnail\" alt=\"\" loading=\"lazy\" \/><\/a>\n\t\t\t<\/dt><\/dl><dl class='gallery-item'>\n\t\t\t<dt class='gallery-icon landscape'>\n\t\t\t\t<a href='https:\/\/www.evahnykova.com\/?attachment_id=187'><img width=\"150\" height=\"150\" src=\"https:\/\/www.evahnykova.com\/wp-content\/uploads\/2014\/07\/galerie_gong-150x150.jpg\" class=\"attachment-thumbnail size-thumbnail\" alt=\"\" loading=\"lazy\" \/><\/a>\n\t\t\t<\/dt><\/dl><br style=\"clear: both\" \/><dl class='gallery-item'>\n\t\t\t<dt class='gallery-icon landscape'>\n\t\t\t\t<a href='https:\/\/www.evahnykova.com\/?attachment_id=188'><img width=\"150\" height=\"150\" src=\"https:\/\/www.evahnykova.com\/wp-content\/uploads\/2014\/07\/krajni_plne_pocity-150x150.jpg\" class=\"attachment-thumbnail size-thumbnail\" alt=\"\" loading=\"lazy\" \/><\/a>\n\t\t\t<\/dt><\/dl><dl class='gallery-item'>\n\t\t\t<dt class='gallery-icon landscape'>\n\t\t\t\t<a href='https:\/\/www.evahnykova.com\/?attachment_id=189'><img width=\"150\" height=\"150\" src=\"https:\/\/www.evahnykova.com\/wp-content\/uploads\/2014\/07\/Luba_Skorepova-150x150.jpg\" class=\"attachment-thumbnail size-thumbnail\" alt=\"\" loading=\"lazy\" \/><\/a>\n\t\t\t<\/dt><\/dl><dl class='gallery-item'>\n\t\t\t<dt class='gallery-icon landscape'>\n\t\t\t\t<a href='https:\/\/www.evahnykova.com\/?attachment_id=190'><img width=\"150\" height=\"150\" src=\"https:\/\/www.evahnykova.com\/wp-content\/uploads\/2014\/07\/poezie_tiche-150x150.jpg\" class=\"attachment-thumbnail size-thumbnail\" alt=\"\" loading=\"lazy\" \/><\/a>\n\t\t\t<\/dt><\/dl><br style=\"clear: both\" \/><dl class='gallery-item'>\n\t\t\t<dt class='gallery-icon landscape'>\n\t\t\t\t<a href='https:\/\/www.evahnykova.com\/?attachment_id=191'><img width=\"150\" height=\"150\" src=\"https:\/\/www.evahnykova.com\/wp-content\/uploads\/2014\/07\/Rudolf_Hrusinsky-150x150.jpg\" class=\"attachment-thumbnail size-thumbnail\" alt=\"\" loading=\"lazy\" \/><\/a>\n\t\t\t<\/dt><\/dl><dl class='gallery-item'>\n\t\t\t<dt class='gallery-icon portrait'>\n\t\t\t\t<a href='https:\/\/www.evahnykova.com\/?attachment_id=192'><img width=\"150\" height=\"150\" src=\"https:\/\/www.evahnykova.com\/wp-content\/uploads\/2014\/07\/sucharduv_dum-150x150.jpg\" class=\"attachment-thumbnail size-thumbnail\" alt=\"\" loading=\"lazy\" \/><\/a>\n\t\t\t<\/dt><\/dl>\n\t\t\t<br style='clear: both' \/>\n\t\t<\/div>\n\n","protected":false},"excerpt":{"rendered":"<p>N\u011bkter\u00e9 cit\u00e1ty<\/p>\n","protected":false},"author":1,"featured_media":0,"parent":0,"menu_order":0,"comment_status":"open","ping_status":"closed","template":"","meta":[],"_links":{"self":[{"href":"https:\/\/www.evahnykova.com\/index.php?rest_route=\/wp\/v2\/pages\/174"}],"collection":[{"href":"https:\/\/www.evahnykova.com\/index.php?rest_route=\/wp\/v2\/pages"}],"about":[{"href":"https:\/\/www.evahnykova.com\/index.php?rest_route=\/wp\/v2\/types\/page"}],"author":[{"embeddable":true,"href":"https:\/\/www.evahnykova.com\/index.php?rest_route=\/wp\/v2\/users\/1"}],"replies":[{"embeddable":true,"href":"https:\/\/www.evahnykova.com\/index.php?rest_route=%2Fwp%2Fv2%2Fcomments&post=174"}],"version-history":[{"count":3,"href":"https:\/\/www.evahnykova.com\/index.php?rest_route=\/wp\/v2\/pages\/174\/revisions"}],"predecessor-version":[{"id":194,"href":"https:\/\/www.evahnykova.com\/index.php?rest_route=\/wp\/v2\/pages\/174\/revisions\/194"}],"wp:attachment":[{"href":"https:\/\/www.evahnykova.com\/index.php?rest_route=%2Fwp%2Fv2%2Fmedia&parent=174"}],"curies":[{"name":"wp","href":"https:\/\/api.w.org\/{rel}","templated":true}]}}