{"id":14,"date":"2013-11-09T07:45:06","date_gmt":"2013-11-09T07:45:06","guid":{"rendered":"http:\/\/www.evahnykova.com\/?page_id=14"},"modified":"2014-02-04T18:04:23","modified_gmt":"2014-02-04T17:04:23","slug":"krajina","status":"publish","type":"page","link":"https:\/\/www.evahnykova.com\/?page_id=14","title":{"rendered":"Krajina"},"content":{"rendered":"<p>&#8222;Obrazy pan\u00ed Hnykov\u00e9 jsou pro mne zrcadly m\u00e9ho chud\u00e9ho i spanil\u00e9ho kraje pod horami. Pl\u00e1tna v prom\u011bn\u00e1ch roku, by\u0165 poka\u017ed\u00e9 v jin\u00e9m nasv\u00edcen\u00ed, maj\u00ed spole\u010dn\u00fd rys: by\u0165 nevid\u00edte \u010dlov\u011bka, c\u00edt\u00edte, \u017ee je to krajina zabydlen\u00e1. Zako\u0159enily se tu stromy, kter\u00e9 zasadila ruka d\u011bdk\u016f, v cesti\u010dk\u00e1ch a p\u011b\u0161in\u00e1ch se zapsala stopa hospod\u00e1\u0159\u016f a oblaka nad krajinou jakoby str\u00e1\u017eila i na\u0161e byt\u00ed. A kr\u016fp\u011bjky rosy, kter\u00e9 vyplakala do tr\u00e1vy starost t\u011bch, kdo tu byli p\u0159ed n\u00e1mi, jsou nejsp\u00ed\u0161 perli\u010dky z r\u016f\u017eence sedmibolestn\u00e9ho.&#8220;<\/p>\n<p><strong>Marie Kub\u00e1tov\u00e1<\/strong> <strong>&#8211; spisovatelka<\/strong><\/p>\n<div id='gallery-1' class='gallery galleryid-14 gallery-columns-3 gallery-size-thumbnail'><dl class='gallery-item'>\n\t\t\t<dt class='gallery-icon portrait'>\n\t\t\t\t<a href='https:\/\/www.evahnykova.com\/?attachment_id=22'><img width=\"150\" height=\"150\" src=\"https:\/\/www.evahnykova.com\/wp-content\/uploads\/2013\/11\/01-150x150.jpg\" class=\"attachment-thumbnail size-thumbnail\" alt=\"\" loading=\"lazy\" \/><\/a>\n\t\t\t<\/dt><\/dl><dl class='gallery-item'>\n\t\t\t<dt class='gallery-icon portrait'>\n\t\t\t\t<a href='https:\/\/www.evahnykova.com\/?attachment_id=23'><img width=\"150\" height=\"150\" src=\"https:\/\/www.evahnykova.com\/wp-content\/uploads\/2013\/11\/02-150x150.jpg\" class=\"attachment-thumbnail size-thumbnail\" alt=\"\" loading=\"lazy\" \/><\/a>\n\t\t\t<\/dt><\/dl><dl class='gallery-item'>\n\t\t\t<dt class='gallery-icon portrait'>\n\t\t\t\t<a href='https:\/\/www.evahnykova.com\/?attachment_id=24'><img width=\"150\" height=\"150\" src=\"https:\/\/www.evahnykova.com\/wp-content\/uploads\/2013\/11\/03-150x150.jpg\" class=\"attachment-thumbnail size-thumbnail\" alt=\"\" loading=\"lazy\" \/><\/a>\n\t\t\t<\/dt><\/dl><br style=\"clear: both\" \/><dl class='gallery-item'>\n\t\t\t<dt class='gallery-icon portrait'>\n\t\t\t\t<a href='https:\/\/www.evahnykova.com\/?attachment_id=25'><img width=\"150\" height=\"150\" src=\"https:\/\/www.evahnykova.com\/wp-content\/uploads\/2013\/11\/04-150x150.jpg\" class=\"attachment-thumbnail size-thumbnail\" alt=\"\" loading=\"lazy\" \/><\/a>\n\t\t\t<\/dt><\/dl><dl class='gallery-item'>\n\t\t\t<dt class='gallery-icon portrait'>\n\t\t\t\t<a href='https:\/\/www.evahnykova.com\/?attachment_id=26'><img width=\"150\" height=\"150\" src=\"https:\/\/www.evahnykova.com\/wp-content\/uploads\/2013\/11\/05-150x150.jpg\" class=\"attachment-thumbnail size-thumbnail\" alt=\"\" loading=\"lazy\" \/><\/a>\n\t\t\t<\/dt><\/dl><dl class='gallery-item'>\n\t\t\t<dt class='gallery-icon portrait'>\n\t\t\t\t<a href='https:\/\/www.evahnykova.com\/?attachment_id=27'><img width=\"150\" height=\"150\" src=\"https:\/\/www.evahnykova.com\/wp-content\/uploads\/2013\/11\/06-150x150.jpg\" class=\"attachment-thumbnail size-thumbnail\" alt=\"\" loading=\"lazy\" \/><\/a>\n\t\t\t<\/dt><\/dl><br style=\"clear: both\" \/><dl class='gallery-item'>\n\t\t\t<dt class='gallery-icon portrait'>\n\t\t\t\t<a href='https:\/\/www.evahnykova.com\/?attachment_id=29'><img width=\"150\" height=\"150\" src=\"https:\/\/www.evahnykova.com\/wp-content\/uploads\/2013\/11\/07-150x150.jpg\" class=\"attachment-thumbnail size-thumbnail\" alt=\"\" loading=\"lazy\" \/><\/a>\n\t\t\t<\/dt><\/dl><dl class='gallery-item'>\n\t\t\t<dt class='gallery-icon portrait'>\n\t\t\t\t<a href='https:\/\/www.evahnykova.com\/?attachment_id=30'><img width=\"150\" height=\"150\" src=\"https:\/\/www.evahnykova.com\/wp-content\/uploads\/2013\/11\/08-150x150.jpg\" class=\"attachment-thumbnail size-thumbnail\" alt=\"\" loading=\"lazy\" \/><\/a>\n\t\t\t<\/dt><\/dl><dl class='gallery-item'>\n\t\t\t<dt class='gallery-icon portrait'>\n\t\t\t\t<a href='https:\/\/www.evahnykova.com\/?attachment_id=31'><img width=\"150\" height=\"150\" src=\"https:\/\/www.evahnykova.com\/wp-content\/uploads\/2013\/11\/09-150x150.jpg\" class=\"attachment-thumbnail size-thumbnail\" alt=\"\" loading=\"lazy\" \/><\/a>\n\t\t\t<\/dt><\/dl><br style=\"clear: both\" \/><dl class='gallery-item'>\n\t\t\t<dt class='gallery-icon portrait'>\n\t\t\t\t<a href='https:\/\/www.evahnykova.com\/?attachment_id=32'><img width=\"150\" height=\"150\" src=\"https:\/\/www.evahnykova.com\/wp-content\/uploads\/2013\/11\/11-150x150.jpg\" class=\"attachment-thumbnail size-thumbnail\" alt=\"\" loading=\"lazy\" \/><\/a>\n\t\t\t<\/dt><\/dl><dl class='gallery-item'>\n\t\t\t<dt class='gallery-icon portrait'>\n\t\t\t\t<a href='https:\/\/www.evahnykova.com\/?attachment_id=33'><img width=\"150\" height=\"150\" src=\"https:\/\/www.evahnykova.com\/wp-content\/uploads\/2013\/11\/12-150x150.jpg\" class=\"attachment-thumbnail size-thumbnail\" alt=\"\" loading=\"lazy\" \/><\/a>\n\t\t\t<\/dt><\/dl><dl class='gallery-item'>\n\t\t\t<dt class='gallery-icon landscape'>\n\t\t\t\t<a href='https:\/\/www.evahnykova.com\/?attachment_id=50'><img width=\"150\" height=\"150\" src=\"https:\/\/www.evahnykova.com\/wp-content\/uploads\/2013\/11\/34-150x150.jpg\" class=\"attachment-thumbnail size-thumbnail\" alt=\"\" loading=\"lazy\" srcset=\"https:\/\/www.evahnykova.com\/wp-content\/uploads\/2013\/11\/34-150x150.jpg 150w, https:\/\/www.evahnykova.com\/wp-content\/uploads\/2013\/11\/34-300x298.jpg 300w, https:\/\/www.evahnykova.com\/wp-content\/uploads\/2013\/11\/34.jpg 1000w\" sizes=\"(max-width: 150px) 100vw, 150px\" \/><\/a>\n\t\t\t<\/dt><\/dl><br style=\"clear: both\" \/><dl class='gallery-item'>\n\t\t\t<dt class='gallery-icon landscape'>\n\t\t\t\t<a href='https:\/\/www.evahnykova.com\/?attachment_id=51'><img width=\"150\" height=\"150\" src=\"https:\/\/www.evahnykova.com\/wp-content\/uploads\/2013\/11\/35-150x150.jpg\" class=\"attachment-thumbnail size-thumbnail\" alt=\"\" loading=\"lazy\" srcset=\"https:\/\/www.evahnykova.com\/wp-content\/uploads\/2013\/11\/35-150x150.jpg 150w, https:\/\/www.evahnykova.com\/wp-content\/uploads\/2013\/11\/35-300x300.jpg 300w, https:\/\/www.evahnykova.com\/wp-content\/uploads\/2013\/11\/35.jpg 1000w\" sizes=\"(max-width: 150px) 100vw, 150px\" \/><\/a>\n\t\t\t<\/dt><\/dl><dl class='gallery-item'>\n\t\t\t<dt class='gallery-icon landscape'>\n\t\t\t\t<a href='https:\/\/www.evahnykova.com\/?attachment_id=52'><img width=\"150\" height=\"150\" src=\"https:\/\/www.evahnykova.com\/wp-content\/uploads\/2013\/11\/36-150x150.jpg\" class=\"attachment-thumbnail size-thumbnail\" alt=\"\" loading=\"lazy\" srcset=\"https:\/\/www.evahnykova.com\/wp-content\/uploads\/2013\/11\/36-150x150.jpg 150w, https:\/\/www.evahnykova.com\/wp-content\/uploads\/2013\/11\/36-300x300.jpg 300w, https:\/\/www.evahnykova.com\/wp-content\/uploads\/2013\/11\/36.jpg 1000w\" sizes=\"(max-width: 150px) 100vw, 150px\" \/><\/a>\n\t\t\t<\/dt><\/dl><dl class='gallery-item'>\n\t\t\t<dt class='gallery-icon portrait'>\n\t\t\t\t<a href='https:\/\/www.evahnykova.com\/?attachment_id=53'><img width=\"150\" height=\"150\" src=\"https:\/\/www.evahnykova.com\/wp-content\/uploads\/2013\/11\/37-150x150.jpg\" class=\"attachment-thumbnail size-thumbnail\" alt=\"\" loading=\"lazy\" srcset=\"https:\/\/www.evahnykova.com\/wp-content\/uploads\/2013\/11\/37-150x150.jpg 150w, https:\/\/www.evahnykova.com\/wp-content\/uploads\/2013\/11\/37-300x300.jpg 300w, https:\/\/www.evahnykova.com\/wp-content\/uploads\/2013\/11\/37.jpg 998w\" sizes=\"(max-width: 150px) 100vw, 150px\" \/><\/a>\n\t\t\t<\/dt><\/dl><br style=\"clear: both\" \/><dl class='gallery-item'>\n\t\t\t<dt class='gallery-icon landscape'>\n\t\t\t\t<a href='https:\/\/www.evahnykova.com\/?attachment_id=54'><img width=\"150\" height=\"150\" src=\"https:\/\/www.evahnykova.com\/wp-content\/uploads\/2013\/11\/38-150x150.jpg\" class=\"attachment-thumbnail size-thumbnail\" alt=\"\" loading=\"lazy\" srcset=\"https:\/\/www.evahnykova.com\/wp-content\/uploads\/2013\/11\/38-150x150.jpg 150w, https:\/\/www.evahnykova.com\/wp-content\/uploads\/2013\/11\/38-300x300.jpg 300w, https:\/\/www.evahnykova.com\/wp-content\/uploads\/2013\/11\/38.jpg 1000w\" sizes=\"(max-width: 150px) 100vw, 150px\" \/><\/a>\n\t\t\t<\/dt><\/dl><dl class='gallery-item'>\n\t\t\t<dt class='gallery-icon portrait'>\n\t\t\t\t<a href='https:\/\/www.evahnykova.com\/?attachment_id=55'><img width=\"150\" height=\"150\" src=\"https:\/\/www.evahnykova.com\/wp-content\/uploads\/2013\/11\/39-150x150.jpg\" class=\"attachment-thumbnail size-thumbnail\" alt=\"\" loading=\"lazy\" srcset=\"https:\/\/www.evahnykova.com\/wp-content\/uploads\/2013\/11\/39-150x150.jpg 150w, https:\/\/www.evahnykova.com\/wp-content\/uploads\/2013\/11\/39-300x300.jpg 300w, https:\/\/www.evahnykova.com\/wp-content\/uploads\/2013\/11\/39.jpg 999w\" sizes=\"(max-width: 150px) 100vw, 150px\" \/><\/a>\n\t\t\t<\/dt><\/dl><dl class='gallery-item'>\n\t\t\t<dt class='gallery-icon portrait'>\n\t\t\t\t<a href='https:\/\/www.evahnykova.com\/?attachment_id=73'><img width=\"150\" height=\"150\" src=\"https:\/\/www.evahnykova.com\/wp-content\/uploads\/2013\/11\/13-150x150.jpg\" class=\"attachment-thumbnail size-thumbnail\" alt=\"\" loading=\"lazy\" \/><\/a>\n\t\t\t<\/dt><\/dl><br style=\"clear: both\" \/>\n\t\t<\/div>\n\n","protected":false},"excerpt":{"rendered":"<p>&#8222;Obrazy pan\u00ed Hnykov\u00e9 jsou pro mne zrcadly m\u00e9ho chud\u00e9ho i spanil\u00e9ho kraje pod horami. Pl\u00e1tna v prom\u011bn\u00e1ch roku, by\u0165 poka\u017ed\u00e9 v jin\u00e9m nasv\u00edcen\u00ed, maj\u00ed spole\u010dn\u00fd rys: by\u0165 nevid\u00edte \u010dlov\u011bka, c\u00edt\u00edte, \u017ee je to krajina zabydlen\u00e1. Zako\u0159enily se tu stromy, kter\u00e9 &hellip; <a href=\"https:\/\/www.evahnykova.com\/?page_id=14\">Cel\u00fd p\u0159\u00edsp\u011bvek <span class=\"meta-nav\">&rarr;<\/span><\/a><\/p>\n","protected":false},"author":1,"featured_media":0,"parent":8,"menu_order":0,"comment_status":"open","ping_status":"open","template":"","meta":[],"_links":{"self":[{"href":"https:\/\/www.evahnykova.com\/index.php?rest_route=\/wp\/v2\/pages\/14"}],"collection":[{"href":"https:\/\/www.evahnykova.com\/index.php?rest_route=\/wp\/v2\/pages"}],"about":[{"href":"https:\/\/www.evahnykova.com\/index.php?rest_route=\/wp\/v2\/types\/page"}],"author":[{"embeddable":true,"href":"https:\/\/www.evahnykova.com\/index.php?rest_route=\/wp\/v2\/users\/1"}],"replies":[{"embeddable":true,"href":"https:\/\/www.evahnykova.com\/index.php?rest_route=%2Fwp%2Fv2%2Fcomments&post=14"}],"version-history":[{"count":13,"href":"https:\/\/www.evahnykova.com\/index.php?rest_route=\/wp\/v2\/pages\/14\/revisions"}],"predecessor-version":[{"id":177,"href":"https:\/\/www.evahnykova.com\/index.php?rest_route=\/wp\/v2\/pages\/14\/revisions\/177"}],"up":[{"embeddable":true,"href":"https:\/\/www.evahnykova.com\/index.php?rest_route=\/wp\/v2\/pages\/8"}],"wp:attachment":[{"href":"https:\/\/www.evahnykova.com\/index.php?rest_route=%2Fwp%2Fv2%2Fmedia&parent=14"}],"curies":[{"name":"wp","href":"https:\/\/api.w.org\/{rel}","templated":true}]}}