{"id":10,"date":"2013-11-09T07:38:51","date_gmt":"2013-11-09T07:38:51","guid":{"rendered":"http:\/\/www.evahnykova.com\/?page_id=10"},"modified":"2013-12-01T17:20:23","modified_gmt":"2013-12-01T17:20:23","slug":"kontakt","status":"publish","type":"page","link":"https:\/\/www.evahnykova.com\/?page_id=10","title":{"rendered":"Kontakt"},"content":{"rendered":"<p>Eva Hnykov\u00e1<br \/>\nAtelier H<br \/>\nJosef\u00edny Kablikov\u00e9 1015<br \/>\n54301 Vrchlab\u00ed<\/p>\n<p>Mobil: +420 737 011 111<\/p>\n<p>E-mail: <a title=\"Email Eva Hnykov\u00e1\" href=\"mailto:Eva.Hnyk@seznam.cz\">Eva.Hnyk@seznam.cz<\/a><\/p>\n","protected":false},"excerpt":{"rendered":"<p>Eva Hnykov\u00e1 Atelier H Josef\u00edny Kablikov\u00e9 1015 54301 Vrchlab\u00ed Mobil: +420 737 011 111 E-mail: Eva.Hnyk@seznam.cz<\/p>\n","protected":false},"author":1,"featured_media":0,"parent":0,"menu_order":0,"comment_status":"open","ping_status":"open","template":"","meta":[],"_links":{"self":[{"href":"https:\/\/www.evahnykova.com\/index.php?rest_route=\/wp\/v2\/pages\/10"}],"collection":[{"href":"https:\/\/www.evahnykova.com\/index.php?rest_route=\/wp\/v2\/pages"}],"about":[{"href":"https:\/\/www.evahnykova.com\/index.php?rest_route=\/wp\/v2\/types\/page"}],"author":[{"embeddable":true,"href":"https:\/\/www.evahnykova.com\/index.php?rest_route=\/wp\/v2\/users\/1"}],"replies":[{"embeddable":true,"href":"https:\/\/www.evahnykova.com\/index.php?rest_route=%2Fwp%2Fv2%2Fcomments&post=10"}],"version-history":[{"count":7,"href":"https:\/\/www.evahnykova.com\/index.php?rest_route=\/wp\/v2\/pages\/10\/revisions"}],"predecessor-version":[{"id":159,"href":"https:\/\/www.evahnykova.com\/index.php?rest_route=\/wp\/v2\/pages\/10\/revisions\/159"}],"wp:attachment":[{"href":"https:\/\/www.evahnykova.com\/index.php?rest_route=%2Fwp%2Fv2%2Fmedia&parent=10"}],"curies":[{"name":"wp","href":"https:\/\/api.w.org\/{rel}","templated":true}]}}